{"id":1790,"date":"2020-09-03T12:46:27","date_gmt":"2020-09-03T12:46:27","guid":{"rendered":"http:\/\/junioressec.com\/?page_id=1790"},"modified":"2023-10-01T19:08:34","modified_gmt":"2023-10-01T17:08:34","slug":"mentions-legales","status":"publish","type":"page","link":"https:\/\/junioressec.com\/en\/mentions-legales\/","title":{"rendered":"Legal notice"},"content":{"rendered":"<div data-elementor-type=\"wp-page\" data-elementor-id=\"1790\" class=\"elementor elementor-1790\" data-elementor-post-type=\"page\">\n\t\t\t\t\t\t<section class=\"has_eae_slider elementor-section elementor-top-section elementor-element elementor-element-2c43703 elementor-section-boxed elementor-section-height-default elementor-section-height-default\" data-eae-slider=\"64591\" data-id=\"2c43703\" data-element_type=\"section\" data-settings=\"{&quot;background_background&quot;:&quot;classic&quot;}\">\n\t\t\t\t\t\t<div class=\"elementor-container elementor-column-gap-default\">\n\t\t\t\t\t<div class=\"has_eae_slider elementor-column elementor-col-100 elementor-top-column elementor-element elementor-element-1d2936e\" data-eae-slider=\"15665\" data-id=\"1d2936e\" data-element_type=\"column\">\n\t\t\t<div class=\"elementor-widget-wrap elementor-element-populated\">\n\t\t\t\t\t\t<div class=\"elementor-element elementor-element-c59183e elementor-widget elementor-widget-heading\" data-id=\"c59183e\" data-element_type=\"widget\" data-widget_type=\"heading.default\">\n\t\t\t\t<div class=\"elementor-widget-container\">\n\t\t\t\t\t<h2 class=\"elementor-heading-title elementor-size-default\">Legal notice\n<\/h2>\t\t\t\t<\/div>\n\t\t\t\t<\/div>\n\t\t\t\t<div class=\"elementor-element elementor-element-acec56e elementor-widget elementor-widget-text-editor\" data-id=\"acec56e\" data-element_type=\"widget\" data-widget_type=\"text-editor.default\">\n\t\t\t\t<div class=\"elementor-widget-container\">\n\t\t\t\t\t\t\t\t\t<p>In case of noticed abuse, the visitor must contact the company responsible for hosting this site using this form.<\/p>\t\t\t\t\t\t\t\t<\/div>\n\t\t\t\t<\/div>\n\t\t\t\t<div class=\"elementor-element elementor-element-63295a8 elementor-widget elementor-widget-oew-wpforms\" data-id=\"63295a8\" data-element_type=\"widget\" data-widget_type=\"oew-wpforms.default\">\n\t\t\t\t<div class=\"elementor-widget-container\">\n\t\t\t\t\t<div class=\"wpforms-container wpforms-container-full\" id=\"wpforms-1797\"><form id=\"wpforms-form-1797\" class=\"wpforms-validate wpforms-form wpforms-ajax-form\" data-formid=\"1797\" method=\"post\" enctype=\"multipart\/form-data\" action=\"\/en\/wp-json\/wp\/v2\/pages\/1790\" data-token=\"b3d0cbd436f0ee087ed11accc77ae72b\" data-token-time=\"1776679837\" data-trp-original-action=\"\/en\/wp-json\/wp\/v2\/pages\/1790\"><noscript class=\"wpforms-error-noscript\">Please enable JavaScript in your browser to complete this form.<\/noscript><div class=\"wpforms-field-container\"><div id=\"wpforms-1797-field_0-container\" class=\"wpforms-field wpforms-field-name\" data-field-id=\"0\"><label class=\"wpforms-field-label\" for=\"wpforms-1797-field_0\">Name <span class=\"wpforms-required-label\">*<\/span><\/label><input type=\"text\" id=\"wpforms-1797-field_0\" class=\"wpforms-field-large wpforms-field-required\" name=\"wpforms[fields][0]\" required><\/div><div id=\"wpforms-1797-field_9-container\" class=\"wpforms-field wpforms-field-name\" data-field-id=\"9\"><label class=\"wpforms-field-label\" for=\"wpforms-1797-field_9\">Phone <span class=\"wpforms-required-label\">*<\/span><\/label><input type=\"text\" id=\"wpforms-1797-field_9\" class=\"wpforms-field-large wpforms-field-required\" name=\"wpforms[fields][9]\" required><\/div><div id=\"wpforms-1797-field_1-container\" class=\"wpforms-field wpforms-field-email\" data-field-id=\"1\"><label class=\"wpforms-field-label\" for=\"wpforms-1797-field_1\">Email <span class=\"wpforms-required-label\">*<\/span><\/label><input type=\"email\" id=\"wpforms-1797-field_1\" class=\"wpforms-field-large wpforms-field-required\" name=\"wpforms[fields][1]\" spellcheck=\"false\" required><\/div><div id=\"wpforms-1797-field_8-container\" class=\"wpforms-field wpforms-field-text\" data-field-id=\"8\"><label class=\"wpforms-field-label\" for=\"wpforms-1797-field_8\">Subject <span class=\"wpforms-required-label\">*<\/span><\/label><input type=\"text\" id=\"wpforms-1797-field_8\" class=\"wpforms-field-large wpforms-field-required\" name=\"wpforms[fields][8]\" required><\/div><div id=\"wpforms-1797-field_7-container\" class=\"wpforms-field wpforms-field-textarea\" data-field-id=\"7\"><label class=\"wpforms-field-label\" for=\"wpforms-1797-field_7\">Message<\/label><textarea id=\"wpforms-1797-field_7\" class=\"wpforms-field-small\" name=\"wpforms[fields][7]\" ><\/textarea><\/div><\/div><!-- .wpforms-field-container --><div class=\"wpforms-submit-container\" ><input type=\"hidden\" name=\"wpforms[id]\" value=\"1797\"><input type=\"hidden\" name=\"page_title\" value=\"\"><input type=\"hidden\" name=\"page_url\" value=\"https:\/\/junioressec.com\/en\/wp-json\/wp\/v2\/pages\/1790\"><input type=\"hidden\" name=\"url_referer\" value=\"\"><button type=\"submit\" name=\"wpforms[submit]\" id=\"wpforms-submit-1797\" class=\"wpforms-submit\" data-alt-text=\"Envoi\" data-submit-text=\"Envoyer\" aria-live=\"assertive\" value=\"wpforms-submit\">Send<\/button><img decoding=\"async\" src=\"https:\/\/junioressec.com\/wp-content\/plugins\/wpforms-lite\/assets\/images\/submit-spin.svg\" class=\"wpforms-submit-spinner\" style=\"display: none;\" width=\"26\" height=\"26\" alt=\"Loading\"><\/div><input type=\"hidden\" name=\"trp-form-language\" value=\"en\"\/><\/form><\/div>  <!-- .wpforms-container -->\t\t\t\t<\/div>\n\t\t\t\t<\/div>\n\t\t\t\t\t<\/div>\n\t\t<\/div>\n\t\t\t\t\t<\/div>\n\t\t<\/section>\n\t\t\t\t<\/div>","protected":false},"excerpt":{"rendered":"<p>Mentions l\u00e9gales En cas d&rsquo;abus constat\u00e9, le visiteur doit contacter l&rsquo;entreprise charg\u00e9e d&rsquo;h\u00e9berger ce site via ce formulaire. Veuillez activer JavaScript dans votre navigateur pour remplir ce formulaire.Nom *T\u00e9l\u00e9phone *Email *Sujet *Message Envoyer<\/p>","protected":false},"author":3,"featured_media":0,"parent":0,"menu_order":0,"comment_status":"closed","ping_status":"closed","template":"","meta":{"_monsterinsights_skip_tracking":false,"_monsterinsights_sitenote_active":false,"_monsterinsights_sitenote_note":"","_monsterinsights_sitenote_category":0,"footnotes":""},"class_list":["post-1790","page","type-page","status-publish","hentry","entry"],"yoast_head":"<!-- This site is optimized with the Yoast SEO plugin v21.2 - https:\/\/yoast.com\/wordpress\/plugins\/seo\/ -->\n<title>Mentions l\u00e9gales - Junior Essec Conseil %<\/title>\n<meta name=\"description\" content=\"Formulaire de mentions l\u00e9gales: En cas d&#039;abus constat\u00e9, le visiteur doit contacter l&#039;entreprise charg\u00e9e d&#039;h\u00e9berger ce site via ce formulaire.\" \/>\n<meta name=\"robots\" content=\"index, follow, max-snippet:-1, max-image-preview:large, max-video-preview:-1\" \/>\n<link rel=\"canonical\" href=\"https:\/\/junioressec.com\/en\/mentions-legales\/\" \/>\n<meta property=\"og:locale\" content=\"en_GB\" \/>\n<meta property=\"og:type\" content=\"article\" \/>\n<meta property=\"og:title\" content=\"Mentions l\u00e9gales - Junior Essec Conseil %\" \/>\n<meta property=\"og:description\" content=\"Formulaire de mentions l\u00e9gales: En cas d&#039;abus constat\u00e9, le visiteur doit contacter l&#039;entreprise charg\u00e9e d&#039;h\u00e9berger ce site via ce formulaire.\" \/>\n<meta property=\"og:url\" content=\"https:\/\/junioressec.com\/en\/mentions-legales\/\" \/>\n<meta property=\"og:site_name\" content=\"Junior Essec Conseil\" \/>\n<meta property=\"article:publisher\" content=\"https:\/\/fr-fr.facebook.com\/junior.essecconseil\/\" \/>\n<meta property=\"article:modified_time\" content=\"2023-10-01T17:08:34+00:00\" \/>\n<meta property=\"og:image\" content=\"http:\/\/junioressec.com\/wp-content\/plugins\/wpforms-lite\/assets\/images\/submit-spin.svg\" \/>\n<meta name=\"twitter:card\" content=\"summary_large_image\" \/>\n<meta name=\"twitter:site\" content=\"@junioressec\" \/>\n<meta name=\"twitter:label1\" content=\"Estimated reading time\" \/>\n\t<meta name=\"twitter:data1\" content=\"1 minute\" \/>\n<script type=\"application\/ld+json\" class=\"yoast-schema-graph\">{\"@context\":\"https:\/\/schema.org\",\"@graph\":[{\"@type\":\"WebPage\",\"@id\":\"https:\/\/junioressec.com\/mentions-legales\/\",\"url\":\"https:\/\/junioressec.com\/mentions-legales\/\",\"name\":\"Mentions l\u00e9gales - Junior Essec Conseil %\",\"isPartOf\":{\"@id\":\"https:\/\/junioressec.com\/#website\"},\"datePublished\":\"2020-09-03T12:46:27+00:00\",\"dateModified\":\"2023-10-01T17:08:34+00:00\",\"description\":\"Formulaire de mentions l\u00e9gales: En cas d'abus constat\u00e9, le visiteur doit contacter l'entreprise charg\u00e9e d'h\u00e9berger ce site via ce formulaire.\",\"breadcrumb\":{\"@id\":\"https:\/\/junioressec.com\/mentions-legales\/#breadcrumb\"},\"inLanguage\":\"en-GB\",\"potentialAction\":[{\"@type\":\"ReadAction\",\"target\":[\"https:\/\/junioressec.com\/mentions-legales\/\"]}]},{\"@type\":\"BreadcrumbList\",\"@id\":\"https:\/\/junioressec.com\/mentions-legales\/#breadcrumb\",\"itemListElement\":[{\"@type\":\"ListItem\",\"position\":1,\"name\":\"Home\",\"item\":\"https:\/\/junioressec.com\/\"},{\"@type\":\"ListItem\",\"position\":2,\"name\":\"Mentions l\u00e9gales\"}]},{\"@type\":\"WebSite\",\"@id\":\"https:\/\/junioressec.com\/#website\",\"url\":\"https:\/\/junioressec.com\/\",\"name\":\"Junior Essec Conseil\",\"description\":\"Junior Entreprise de ESSEC Business School\",\"publisher\":{\"@id\":\"https:\/\/junioressec.com\/#organization\"},\"potentialAction\":[{\"@type\":\"SearchAction\",\"target\":{\"@type\":\"EntryPoint\",\"urlTemplate\":\"https:\/\/junioressec.com\/?s={search_term_string}\"},\"query-input\":\"required name=search_term_string\"}],\"inLanguage\":\"en-GB\"},{\"@type\":\"Organization\",\"@id\":\"https:\/\/junioressec.com\/#organization\",\"name\":\"Junior ESSEC Conseil\",\"url\":\"https:\/\/junioressec.com\/\",\"logo\":{\"@type\":\"ImageObject\",\"inLanguage\":\"en-GB\",\"@id\":\"https:\/\/junioressec.com\/#\/schema\/logo\/image\/\",\"url\":\"http:\/\/junioressec.com\/wp-content\/uploads\/2020\/08\/version_200_logo-junior-essec-1-1.png\",\"contentUrl\":\"http:\/\/junioressec.com\/wp-content\/uploads\/2020\/08\/version_200_logo-junior-essec-1-1.png\",\"width\":200,\"height\":46,\"caption\":\"Junior ESSEC Conseil\"},\"image\":{\"@id\":\"https:\/\/junioressec.com\/#\/schema\/logo\/image\/\"},\"sameAs\":[\"https:\/\/fr-fr.facebook.com\/junior.essecconseil\/\",\"https:\/\/twitter.com\/junioressec\",\"https:\/\/www.linkedin.com\/company\/junior-essec-conseil\/\",\"https:\/\/en.wikipedia.org\/wiki\/Junior_ESSEC\"]}]}<\/script>\n<!-- \/ Yoast SEO plugin. -->","yoast_head_json":{"title":"Mentions l\u00e9gales - Junior Essec Conseil %","description":"Formulaire de mentions l\u00e9gales: En cas d'abus constat\u00e9, le visiteur doit contacter l'entreprise charg\u00e9e d'h\u00e9berger ce site via ce formulaire.","robots":{"index":"index","follow":"follow","max-snippet":"max-snippet:-1","max-image-preview":"max-image-preview:large","max-video-preview":"max-video-preview:-1"},"canonical":"https:\/\/junioressec.com\/en\/mentions-legales\/","og_locale":"en_GB","og_type":"article","og_title":"Mentions l\u00e9gales - Junior Essec Conseil %","og_description":"Formulaire de mentions l\u00e9gales: En cas d'abus constat\u00e9, le visiteur doit contacter l'entreprise charg\u00e9e d'h\u00e9berger ce site via ce formulaire.","og_url":"https:\/\/junioressec.com\/en\/mentions-legales\/","og_site_name":"Junior Essec Conseil","article_publisher":"https:\/\/fr-fr.facebook.com\/junior.essecconseil\/","article_modified_time":"2023-10-01T17:08:34+00:00","og_image":[{"url":"http:\/\/junioressec.com\/wp-content\/plugins\/wpforms-lite\/assets\/images\/submit-spin.svg"}],"twitter_card":"summary_large_image","twitter_site":"@junioressec","twitter_misc":{"Estimated reading time":"1 minute"},"schema":{"@context":"https:\/\/schema.org","@graph":[{"@type":"WebPage","@id":"https:\/\/junioressec.com\/mentions-legales\/","url":"https:\/\/junioressec.com\/mentions-legales\/","name":"Mentions l\u00e9gales - Junior Essec Conseil %","isPartOf":{"@id":"https:\/\/junioressec.com\/#website"},"datePublished":"2020-09-03T12:46:27+00:00","dateModified":"2023-10-01T17:08:34+00:00","description":"Formulaire de mentions l\u00e9gales: En cas d'abus constat\u00e9, le visiteur doit contacter l'entreprise charg\u00e9e d'h\u00e9berger ce site via ce formulaire.","breadcrumb":{"@id":"https:\/\/junioressec.com\/mentions-legales\/#breadcrumb"},"inLanguage":"en-GB","potentialAction":[{"@type":"ReadAction","target":["https:\/\/junioressec.com\/mentions-legales\/"]}]},{"@type":"BreadcrumbList","@id":"https:\/\/junioressec.com\/mentions-legales\/#breadcrumb","itemListElement":[{"@type":"ListItem","position":1,"name":"Home","item":"https:\/\/junioressec.com\/"},{"@type":"ListItem","position":2,"name":"Mentions l\u00e9gales"}]},{"@type":"WebSite","@id":"https:\/\/junioressec.com\/#website","url":"https:\/\/junioressec.com\/","name":"Junior Essec Conseil","description":"Junior Entreprise de ESSEC Business School","publisher":{"@id":"https:\/\/junioressec.com\/#organization"},"potentialAction":[{"@type":"SearchAction","target":{"@type":"EntryPoint","urlTemplate":"https:\/\/junioressec.com\/?s={search_term_string}"},"query-input":"required name=search_term_string"}],"inLanguage":"en-GB"},{"@type":"Organization","@id":"https:\/\/junioressec.com\/#organization","name":"Junior ESSEC Conseil","url":"https:\/\/junioressec.com\/","logo":{"@type":"ImageObject","inLanguage":"en-GB","@id":"https:\/\/junioressec.com\/#\/schema\/logo\/image\/","url":"http:\/\/junioressec.com\/wp-content\/uploads\/2020\/08\/version_200_logo-junior-essec-1-1.png","contentUrl":"http:\/\/junioressec.com\/wp-content\/uploads\/2020\/08\/version_200_logo-junior-essec-1-1.png","width":200,"height":46,"caption":"Junior ESSEC Conseil"},"image":{"@id":"https:\/\/junioressec.com\/#\/schema\/logo\/image\/"},"sameAs":["https:\/\/fr-fr.facebook.com\/junior.essecconseil\/","https:\/\/twitter.com\/junioressec","https:\/\/www.linkedin.com\/company\/junior-essec-conseil\/","https:\/\/en.wikipedia.org\/wiki\/Junior_ESSEC"]}]}},"_links":{"self":[{"href":"https:\/\/junioressec.com\/en\/wp-json\/wp\/v2\/pages\/1790","targetHints":{"allow":["GET"]}}],"collection":[{"href":"https:\/\/junioressec.com\/en\/wp-json\/wp\/v2\/pages"}],"about":[{"href":"https:\/\/junioressec.com\/en\/wp-json\/wp\/v2\/types\/page"}],"author":[{"embeddable":true,"href":"https:\/\/junioressec.com\/en\/wp-json\/wp\/v2\/users\/3"}],"replies":[{"embeddable":true,"href":"https:\/\/junioressec.com\/en\/wp-json\/wp\/v2\/comments?post=1790"}],"version-history":[{"count":8,"href":"https:\/\/junioressec.com\/en\/wp-json\/wp\/v2\/pages\/1790\/revisions"}],"predecessor-version":[{"id":4487,"href":"https:\/\/junioressec.com\/en\/wp-json\/wp\/v2\/pages\/1790\/revisions\/4487"}],"wp:attachment":[{"href":"https:\/\/junioressec.com\/en\/wp-json\/wp\/v2\/media?parent=1790"}],"curies":[{"name":"wp","href":"https:\/\/api.w.org\/{rel}","templated":true}]}}