{"id":1659,"date":"2020-09-03T07:19:26","date_gmt":"2020-09-03T07:19:26","guid":{"rendered":"http:\/\/junioressec.com\/?page_id=1659"},"modified":"2024-01-31T10:46:00","modified_gmt":"2024-01-31T08:46:00","slug":"contact","status":"publish","type":"page","link":"https:\/\/junioressec.com\/en\/contact\/","title":{"rendered":"Contact"},"content":{"rendered":"<div data-elementor-type=\"wp-page\" data-elementor-id=\"1659\" class=\"elementor elementor-1659\" data-elementor-post-type=\"page\">\n\t\t\t\t\t\t<section class=\"has_eae_slider elementor-section elementor-top-section elementor-element elementor-element-db85304 elementor-section-stretched elementor-section-full_width elementor-section-content-middle elementor-section-height-default elementor-section-height-default\" data-eae-slider=\"46863\" data-id=\"db85304\" data-element_type=\"section\" data-settings=\"{&quot;stretch_section&quot;:&quot;section-stretched&quot;,&quot;background_background&quot;:&quot;classic&quot;}\">\n\t\t\t\t\t\t\t<div class=\"elementor-background-overlay\"><\/div>\n\t\t\t\t\t\t\t<div class=\"elementor-container elementor-column-gap-no\">\n\t\t\t\t\t<div class=\"has_eae_slider elementor-column elementor-col-100 elementor-top-column elementor-element elementor-element-b60806c\" data-eae-slider=\"54199\" data-id=\"b60806c\" data-element_type=\"column\">\n\t\t\t<div class=\"elementor-widget-wrap elementor-element-populated\">\n\t\t\t\t\t\t<div class=\"elementor-element elementor-element-6694e8a elementor-widget elementor-widget-heading\" data-id=\"6694e8a\" data-element_type=\"widget\" data-widget_type=\"heading.default\">\n\t\t\t\t<div class=\"elementor-widget-container\">\n\t\t\t\t\t<h2 class=\"elementor-heading-title elementor-size-default\">Contact form<\/h2>\t\t\t\t<\/div>\n\t\t\t\t<\/div>\n\t\t\t\t<div class=\"elementor-element elementor-element-0aadc4f elementor-widget elementor-widget-image\" data-id=\"0aadc4f\" data-element_type=\"widget\" data-widget_type=\"image.default\">\n\t\t\t\t<div class=\"elementor-widget-container\">\n\t\t\t\t\t\t\t\t\t\t\t\t\t\t\t<img decoding=\"async\" width=\"300\" height=\"68\" src=\"https:\/\/junioressec.com\/wp-content\/uploads\/2020\/09\/Logo-Junior-ESSEC-Blanc-300x68.png\" class=\"attachment-medium size-medium wp-image-1922\" alt=\"\" srcset=\"https:\/\/junioressec.com\/wp-content\/uploads\/2020\/09\/Logo-Junior-ESSEC-Blanc-300x68.png 300w, https:\/\/junioressec.com\/wp-content\/uploads\/2020\/09\/Logo-Junior-ESSEC-Blanc-1024x231.png 1024w, https:\/\/junioressec.com\/wp-content\/uploads\/2020\/09\/Logo-Junior-ESSEC-Blanc-768x173.png 768w, https:\/\/junioressec.com\/wp-content\/uploads\/2020\/09\/Logo-Junior-ESSEC-Blanc-1536x346.png 1536w, https:\/\/junioressec.com\/wp-content\/uploads\/2020\/09\/Logo-Junior-ESSEC-Blanc-12x3.png 12w, https:\/\/junioressec.com\/wp-content\/uploads\/2020\/09\/Logo-Junior-ESSEC-Blanc-24x5.png 24w, https:\/\/junioressec.com\/wp-content\/uploads\/2020\/09\/Logo-Junior-ESSEC-Blanc-36x8.png 36w, https:\/\/junioressec.com\/wp-content\/uploads\/2020\/09\/Logo-Junior-ESSEC-Blanc.png 1951w\" sizes=\"(max-width: 300px) 100vw, 300px\" \/>\t\t\t\t\t\t\t\t\t\t\t\t\t\t\t<\/div>\n\t\t\t\t<\/div>\n\t\t\t\t<div class=\"elementor-element elementor-element-74f7c4e elementor-widget elementor-widget-oew-wpforms\" data-id=\"74f7c4e\" data-element_type=\"widget\" data-no-translation=\"\" data-widget_type=\"oew-wpforms.default\">\n\t\t\t\t<div class=\"elementor-widget-container\">\n\t\t\t\t\t<style>.elementor-element-74f7c4e{display:none !important}<\/style>\t\t\t\t<\/div>\n\t\t\t\t<\/div>\n\t\t\t\t\t<\/div>\n\t\t<\/div>\n\t\t\t\t\t<\/div>\n\t\t<\/section>\n\t\t\t\t<section class=\"has_eae_slider elementor-section elementor-top-section elementor-element elementor-element-23187c5 elementor-section-boxed elementor-section-height-default elementor-section-height-default\" data-eae-slider=\"47114\" data-id=\"23187c5\" data-element_type=\"section\" data-settings=\"{&quot;background_background&quot;:&quot;classic&quot;}\">\n\t\t\t\t\t\t<div class=\"elementor-container elementor-column-gap-default\">\n\t\t\t\t\t<div class=\"has_eae_slider elementor-column elementor-col-100 elementor-top-column elementor-element elementor-element-54681c8\" data-eae-slider=\"59897\" data-id=\"54681c8\" data-element_type=\"column\">\n\t\t\t<div class=\"elementor-widget-wrap elementor-element-populated\">\n\t\t\t\t\t\t<div class=\"elementor-element elementor-element-a691b89 elementor-widget__width-inherit elementor-widget elementor-widget-text-editor\" data-id=\"a691b89\" data-element_type=\"widget\" data-widget_type=\"text-editor.default\">\n\t\t\t\t<div class=\"elementor-widget-container\">\n\t\t\t\t\t\t\t\t\t<p><strong>Certains formulaires de contact peuvent ne pas \u00eatre correctement achemin\u00e9s.<\/strong> Si vous n&rsquo;avez pas re\u00e7u de r\u00e9ponse dans les 48 heures suivant l&rsquo;envoi de votre formulaire, veuillez nous contacter \u00e0 l&rsquo;adresse suivante : <strong>je@junioressec.com.<\/strong><\/p>\t\t\t\t\t\t\t\t<\/div>\n\t\t\t\t<\/div>\n\t\t\t\t\t<\/div>\n\t\t<\/div>\n\t\t\t\t\t<\/div>\n\t\t<\/section>\n\t\t\t\t<\/div>","protected":false},"excerpt":{"rendered":"<p>Formulaire de contact Veuillez activer JavaScript dans votre navigateur pour remplir ce formulaire.Soci\u00e9t\u00e9 *Nom *T\u00e9l\u00e9phone *Email *Sujet *MessageComment avez-vous entendu parler de Junior ESSEC? *On m&#039;a recommand\u00e9 Junior ESSEC suite \u00e0 une \u00e9tude r\u00e9alis\u00e9eOn m&#039;a recommand\u00e9 Junior ESSEC suite \u00e0 une \u00e9tude r\u00e9alis\u00e9eEn cherchant &quot;Junior-Entreprise&quot; sur GoogleDe bouche \u00e0 oreilleSur les r\u00e9seaux sociaux (Facebook, Twitter, [&hellip;]<\/p>","protected":false},"author":3,"featured_media":0,"parent":0,"menu_order":0,"comment_status":"open","ping_status":"open","template":"elementor_header_footer","meta":{"_monsterinsights_skip_tracking":false,"_monsterinsights_sitenote_active":false,"_monsterinsights_sitenote_note":"","_monsterinsights_sitenote_category":0,"footnotes":""},"class_list":["post-1659","page","type-page","status-publish","hentry","entry"],"yoast_head":"<!-- This site is optimized with the Yoast SEO plugin v21.2 - https:\/\/yoast.com\/wordpress\/plugins\/seo\/ -->\n<title>Contact - Junior Essec Conseil - Contact Junior Essec Conseil<\/title>\n<meta name=\"description\" content=\"Formulaire de Contact Junior ESSEC Conseil\" \/>\n<meta name=\"robots\" content=\"index, follow, max-snippet:-1, max-image-preview:large, max-video-preview:-1\" \/>\n<link rel=\"canonical\" href=\"https:\/\/junioressec.com\/en\/contact\/\" \/>\n<meta property=\"og:locale\" content=\"en_GB\" \/>\n<meta property=\"og:type\" content=\"article\" \/>\n<meta property=\"og:title\" content=\"Contact - Junior Essec Conseil - Contact Junior Essec Conseil\" \/>\n<meta property=\"og:description\" content=\"Formulaire de Contact Junior ESSEC Conseil\" \/>\n<meta property=\"og:url\" content=\"https:\/\/junioressec.com\/en\/contact\/\" \/>\n<meta property=\"og:site_name\" content=\"Junior Essec Conseil\" \/>\n<meta property=\"article:publisher\" content=\"https:\/\/fr-fr.facebook.com\/junior.essecconseil\/\" \/>\n<meta property=\"article:modified_time\" content=\"2024-01-31T08:46:00+00:00\" \/>\n<meta property=\"og:image\" content=\"http:\/\/junioressec.com\/wp-content\/uploads\/2020\/09\/Logo-Junior-ESSEC-Blanc-300x68.png\" \/>\n<meta name=\"twitter:card\" content=\"summary_large_image\" \/>\n<meta name=\"twitter:site\" content=\"@junioressec\" \/>\n<meta name=\"twitter:label1\" content=\"Estimated reading time\" \/>\n\t<meta name=\"twitter:data1\" content=\"1 minute\" \/>\n<script type=\"application\/ld+json\" class=\"yoast-schema-graph\">{\"@context\":\"https:\/\/schema.org\",\"@graph\":[{\"@type\":\"WebPage\",\"@id\":\"https:\/\/junioressec.com\/contact\/\",\"url\":\"https:\/\/junioressec.com\/contact\/\",\"name\":\"Contact - Junior Essec Conseil - Contact Junior Essec Conseil\",\"isPartOf\":{\"@id\":\"https:\/\/junioressec.com\/#website\"},\"datePublished\":\"2020-09-03T07:19:26+00:00\",\"dateModified\":\"2024-01-31T08:46:00+00:00\",\"description\":\"Formulaire de Contact Junior ESSEC Conseil\",\"breadcrumb\":{\"@id\":\"https:\/\/junioressec.com\/contact\/#breadcrumb\"},\"inLanguage\":\"en-GB\",\"potentialAction\":[{\"@type\":\"ReadAction\",\"target\":[\"https:\/\/junioressec.com\/contact\/\"]}]},{\"@type\":\"BreadcrumbList\",\"@id\":\"https:\/\/junioressec.com\/contact\/#breadcrumb\",\"itemListElement\":[{\"@type\":\"ListItem\",\"position\":1,\"name\":\"Home\",\"item\":\"https:\/\/junioressec.com\/\"},{\"@type\":\"ListItem\",\"position\":2,\"name\":\"Contact\"}]},{\"@type\":\"WebSite\",\"@id\":\"https:\/\/junioressec.com\/#website\",\"url\":\"https:\/\/junioressec.com\/\",\"name\":\"Junior Essec Conseil\",\"description\":\"Junior Entreprise de ESSEC Business School\",\"publisher\":{\"@id\":\"https:\/\/junioressec.com\/#organization\"},\"potentialAction\":[{\"@type\":\"SearchAction\",\"target\":{\"@type\":\"EntryPoint\",\"urlTemplate\":\"https:\/\/junioressec.com\/?s={search_term_string}\"},\"query-input\":\"required name=search_term_string\"}],\"inLanguage\":\"en-GB\"},{\"@type\":\"Organization\",\"@id\":\"https:\/\/junioressec.com\/#organization\",\"name\":\"Junior ESSEC Conseil\",\"url\":\"https:\/\/junioressec.com\/\",\"logo\":{\"@type\":\"ImageObject\",\"inLanguage\":\"en-GB\",\"@id\":\"https:\/\/junioressec.com\/#\/schema\/logo\/image\/\",\"url\":\"http:\/\/junioressec.com\/wp-content\/uploads\/2020\/08\/version_200_logo-junior-essec-1-1.png\",\"contentUrl\":\"http:\/\/junioressec.com\/wp-content\/uploads\/2020\/08\/version_200_logo-junior-essec-1-1.png\",\"width\":200,\"height\":46,\"caption\":\"Junior ESSEC Conseil\"},\"image\":{\"@id\":\"https:\/\/junioressec.com\/#\/schema\/logo\/image\/\"},\"sameAs\":[\"https:\/\/fr-fr.facebook.com\/junior.essecconseil\/\",\"https:\/\/twitter.com\/junioressec\",\"https:\/\/www.linkedin.com\/company\/junior-essec-conseil\/\",\"https:\/\/en.wikipedia.org\/wiki\/Junior_ESSEC\"]}]}<\/script>\n<!-- \/ Yoast SEO plugin. -->","yoast_head_json":{"title":"Contact - Junior Essec Conseil - Contact Junior Essec Conseil","description":"Formulaire de Contact Junior ESSEC Conseil","robots":{"index":"index","follow":"follow","max-snippet":"max-snippet:-1","max-image-preview":"max-image-preview:large","max-video-preview":"max-video-preview:-1"},"canonical":"https:\/\/junioressec.com\/en\/contact\/","og_locale":"en_GB","og_type":"article","og_title":"Contact - Junior Essec Conseil - Contact Junior Essec Conseil","og_description":"Formulaire de Contact Junior ESSEC Conseil","og_url":"https:\/\/junioressec.com\/en\/contact\/","og_site_name":"Junior Essec Conseil","article_publisher":"https:\/\/fr-fr.facebook.com\/junior.essecconseil\/","article_modified_time":"2024-01-31T08:46:00+00:00","og_image":[{"url":"http:\/\/junioressec.com\/wp-content\/uploads\/2020\/09\/Logo-Junior-ESSEC-Blanc-300x68.png"}],"twitter_card":"summary_large_image","twitter_site":"@junioressec","twitter_misc":{"Estimated reading time":"1 minute"},"schema":{"@context":"https:\/\/schema.org","@graph":[{"@type":"WebPage","@id":"https:\/\/junioressec.com\/contact\/","url":"https:\/\/junioressec.com\/contact\/","name":"Contact - Junior Essec Conseil - Contact Junior Essec Conseil","isPartOf":{"@id":"https:\/\/junioressec.com\/#website"},"datePublished":"2020-09-03T07:19:26+00:00","dateModified":"2024-01-31T08:46:00+00:00","description":"Formulaire de Contact Junior ESSEC Conseil","breadcrumb":{"@id":"https:\/\/junioressec.com\/contact\/#breadcrumb"},"inLanguage":"en-GB","potentialAction":[{"@type":"ReadAction","target":["https:\/\/junioressec.com\/contact\/"]}]},{"@type":"BreadcrumbList","@id":"https:\/\/junioressec.com\/contact\/#breadcrumb","itemListElement":[{"@type":"ListItem","position":1,"name":"Home","item":"https:\/\/junioressec.com\/"},{"@type":"ListItem","position":2,"name":"Contact"}]},{"@type":"WebSite","@id":"https:\/\/junioressec.com\/#website","url":"https:\/\/junioressec.com\/","name":"Junior Essec Conseil","description":"Junior Entreprise de ESSEC Business School","publisher":{"@id":"https:\/\/junioressec.com\/#organization"},"potentialAction":[{"@type":"SearchAction","target":{"@type":"EntryPoint","urlTemplate":"https:\/\/junioressec.com\/?s={search_term_string}"},"query-input":"required name=search_term_string"}],"inLanguage":"en-GB"},{"@type":"Organization","@id":"https:\/\/junioressec.com\/#organization","name":"Junior ESSEC Conseil","url":"https:\/\/junioressec.com\/","logo":{"@type":"ImageObject","inLanguage":"en-GB","@id":"https:\/\/junioressec.com\/#\/schema\/logo\/image\/","url":"http:\/\/junioressec.com\/wp-content\/uploads\/2020\/08\/version_200_logo-junior-essec-1-1.png","contentUrl":"http:\/\/junioressec.com\/wp-content\/uploads\/2020\/08\/version_200_logo-junior-essec-1-1.png","width":200,"height":46,"caption":"Junior ESSEC Conseil"},"image":{"@id":"https:\/\/junioressec.com\/#\/schema\/logo\/image\/"},"sameAs":["https:\/\/fr-fr.facebook.com\/junior.essecconseil\/","https:\/\/twitter.com\/junioressec","https:\/\/www.linkedin.com\/company\/junior-essec-conseil\/","https:\/\/en.wikipedia.org\/wiki\/Junior_ESSEC"]}]}},"_links":{"self":[{"href":"https:\/\/junioressec.com\/en\/wp-json\/wp\/v2\/pages\/1659","targetHints":{"allow":["GET"]}}],"collection":[{"href":"https:\/\/junioressec.com\/en\/wp-json\/wp\/v2\/pages"}],"about":[{"href":"https:\/\/junioressec.com\/en\/wp-json\/wp\/v2\/types\/page"}],"author":[{"embeddable":true,"href":"https:\/\/junioressec.com\/en\/wp-json\/wp\/v2\/users\/3"}],"replies":[{"embeddable":true,"href":"https:\/\/junioressec.com\/en\/wp-json\/wp\/v2\/comments?post=1659"}],"version-history":[{"count":66,"href":"https:\/\/junioressec.com\/en\/wp-json\/wp\/v2\/pages\/1659\/revisions"}],"predecessor-version":[{"id":5050,"href":"https:\/\/junioressec.com\/en\/wp-json\/wp\/v2\/pages\/1659\/revisions\/5050"}],"wp:attachment":[{"href":"https:\/\/junioressec.com\/en\/wp-json\/wp\/v2\/media?parent=1659"}],"curies":[{"name":"wp","href":"https:\/\/api.w.org\/{rel}","templated":true}]}}